{"id":30,"date":"2018-10-18T10:49:58","date_gmt":"2018-10-18T10:49:58","guid":{"rendered":"http:\/\/wopr.sosnowiec.pl\/?page_id=30"},"modified":"2020-01-29T11:42:35","modified_gmt":"2020-01-29T11:42:35","slug":"kontakt","status":"publish","type":"page","link":"https:\/\/wopr.sosnowiec.pl\/?page_id=30","title":{"rendered":"Kontakt"},"content":{"rendered":"<p><strong>DRU\u017bYNA WOPR SOSNOWIEC<\/strong><\/p>\n<p>Sosnowieckie Centrum Organizacji Pozarz\u0105dowych<\/p>\n<p>Plac Ko\u015bciuszki 5<\/p>\n<p>41-200 Sosnowiec<\/p>\n<p>tel. 882 025 932<\/p>\n<p>mail: <a href=\"mailto:biuro@wopr.sosnowiec.pl\">biuro@wopr.sosnowiec.pl<\/a><\/p>\n<p>witryna: <a href=\"http:\/\/wopr.sosnowiec.pl\/\">wopr.sosnowiec.pl<\/a><\/p>\n<p>Instagram: <a href=\"https:\/\/www.instagram.com\/woprsosnowiec\/\">instagram.com\/woprsosnowiec\/<\/a><\/p>\n<p><strong>RADA DRU\u017bYNY<br \/>\n<\/strong><\/p>\n<p><strong>Piotr Lis<em> &#8211; kierownik dru\u017cyny<br \/>\n<\/em><\/strong><\/p>\n<p><strong>Wojciech O\u015bci\u0142owicz<\/strong><\/p>\n<p><strong>Bartosz Andrzejewski<\/strong><\/p>\n","protected":false},"excerpt":{"rendered":"<p>DRU\u017bYNA WOPR SOSNOWIEC Sosnowieckie Centrum Organizacji Pozarz\u0105dowych Plac Ko\u015bciuszki 5 41-200 Sosnowiec tel. 882 025 932 mail: biuro@wopr.sosnowiec.pl witryna: wopr.sosnowiec.pl Instagram: instagram.com\/woprsosnowiec\/ RADA DRU\u017bYNY Piotr Lis &#8211; kierownik dru\u017cyny Wojciech O\u015bci\u0142owicz Bartosz Andrzejewski<\/p>\n","protected":false},"author":1,"featured_media":0,"parent":0,"menu_order":0,"comment_status":"closed","ping_status":"closed","template":"","meta":{"footnotes":""},"class_list":["post-30","page","type-page","status-publish"],"_links":{"self":[{"href":"https:\/\/wopr.sosnowiec.pl\/index.php?rest_route=\/wp\/v2\/pages\/30","targetHints":{"allow":["GET"]}}],"collection":[{"href":"https:\/\/wopr.sosnowiec.pl\/index.php?rest_route=\/wp\/v2\/pages"}],"about":[{"href":"https:\/\/wopr.sosnowiec.pl\/index.php?rest_route=\/wp\/v2\/types\/page"}],"author":[{"embeddable":true,"href":"https:\/\/wopr.sosnowiec.pl\/index.php?rest_route=\/wp\/v2\/users\/1"}],"replies":[{"embeddable":true,"href":"https:\/\/wopr.sosnowiec.pl\/index.php?rest_route=%2Fwp%2Fv2%2Fcomments&post=30"}],"version-history":[{"count":4,"href":"https:\/\/wopr.sosnowiec.pl\/index.php?rest_route=\/wp\/v2\/pages\/30\/revisions"}],"predecessor-version":[{"id":201,"href":"https:\/\/wopr.sosnowiec.pl\/index.php?rest_route=\/wp\/v2\/pages\/30\/revisions\/201"}],"wp:attachment":[{"href":"https:\/\/wopr.sosnowiec.pl\/index.php?rest_route=%2Fwp%2Fv2%2Fmedia&parent=30"}],"curies":[{"name":"wp","href":"https:\/\/api.w.org\/{rel}","templated":true}]}}