{"id":34,"date":"2018-10-18T10:54:43","date_gmt":"2018-10-18T10:54:43","guid":{"rendered":"http:\/\/wopr.sosnowiec.pl\/?page_id=34"},"modified":"2023-10-10T18:39:07","modified_gmt":"2023-10-10T18:39:07","slug":"historia","status":"publish","type":"page","link":"https:\/\/wopr.sosnowiec.pl\/?page_id=34","title":{"rendered":"Historia"},"content":{"rendered":"<p style=\"text-align: center;\"><a href=\"http:\/\/wopr.sosnowiec.pl\/wp-content\/uploads\/2018\/10\/Kopia-2-Obraz-048.jpg\"><img fetchpriority=\"high\" decoding=\"async\" class=\"alignnone size-full wp-image-114\" src=\"http:\/\/wopr.sosnowiec.pl\/wp-content\/uploads\/2018\/10\/Kopia-2-Obraz-048.jpg\" alt=\"\" width=\"689\" height=\"466\" srcset=\"https:\/\/wopr.sosnowiec.pl\/wp-content\/uploads\/2018\/10\/Kopia-2-Obraz-048.jpg 689w, https:\/\/wopr.sosnowiec.pl\/wp-content\/uploads\/2018\/10\/Kopia-2-Obraz-048-300x203.jpg 300w\" sizes=\"(max-width: 689px) 100vw, 689px\" \/><\/a><\/p>\n<p style=\"text-align: left;\"><strong>Zal\u0105\u017cki ratownictwa wodnego w Sosnowcu<\/strong><\/p>\n<p>Wodne Ochotnicze Pogotowie Ratunkowe w oficjalnej formie zosta\u0142o powo\u0142ane do istnienia w 1962 roku. Ju\u017c 5 lat p\u00f3\u017aniej stowarzyszenie uzyska\u0142o osobowo\u015b\u0107 prawn\u0105 i sta\u0142o si\u0119 jednostk\u0105 podlegaj\u0105c\u0105 pod MSW. Jednak historia ratownictwa na wielu obszarach Polski, w tym w Sosnowcu, mia\u0142a swoje pocz\u0105tki zdecydowanie wcze\u015bniej. Powojenny Sosnowiec dysponowa\u0142 w\u00f3wczas spor\u0105 ilo\u015bci\u0105 miejsc, na kt\u00f3rych odbywa\u0142a si\u0119 rekreacja wodna. Nie by\u0142y to jednak w tamtym czasie obszary jakkolwiek strze\u017cone, a wszelka aktywno\u015b\u0107 w ich obr\u0119bie odbywa\u0142a si\u0119 \u201ena dziko\u201d. W sosnowieckich dzielnicach takich, jak Pogo\u0144, Sielec czy Da\u0144d\u00f3wka znajdowa\u0142y si\u0119 stawy, nad kt\u00f3rymi mieszka\u0144cy ch\u0119tnie sp\u0119dzali wolny czas. Prowizoryczne k\u0105pieliska istnia\u0142y r\u00f3wnie\u017c na dw\u00f3ch najwi\u0119kszych rzekach Zag\u0142\u0119bia, mianowicie na Czarnej Przemszy oraz Brynicy. Opr\u00f3cz tego w Sosnowcu znajdowa\u0142y si\u0119 ma\u0142e zbiorniki wodne ulokowane w wyrobiskach poprzemys\u0142owych. Cho\u0107 nie istniej\u0105 \u017cadne dokumenty, w kt\u00f3rych mo\u017cna by by\u0142o doszuka\u0107 si\u0119 danych statystycznych zwi\u0105zanych z utoni\u0119ciami w tamtym okresie, faktem jest, \u017ce w Sosnowcu ka\u017cdego roku dochodzi\u0142o do powa\u017cnych incydent\u00f3w na wodzie, w tym wypadk\u00f3w \u015bmiertelnych.<\/p>\n<p>Z pocz\u0105tkiem lat 50-tych Sosnowiczanie zaanga\u017cowani w dzia\u0142alno\u015b\u0107 sportow\u0105 i rekreacyjn\u0105 podejmowali pr\u00f3by tworzenia pierwszych struktur nawi\u0105zuj\u0105cych do wsp\u00f3\u0142czesnych oddzia\u0142\u00f3w WOPR, jak r\u00f3wnie\u017c szk\u00f3\u0142 p\u0142ywania. Zadaniem tych niewielkich organizacji by\u0142o prowadzenie profilaktyki polegaj\u0105cej na organizowaniu nauki p\u0142ywania, a tak\u017ce u\u015bwiadamianiu mieszka\u0144c\u00f3w o niebezpiecze\u0144stwach, jakie niesie dla nich k\u0105piel w nieprzygotowanych do tego akwenach, czy ciekach wodnych.<\/p>\n<p>W latach 60-tych pr\u0119\u017cnie rozwija\u0142a si\u0119 miejska infrastruktura Sosnowca, w tym obiekty sportowe i rekreacyjne. W mie\u015bcie pojawi\u0142y si\u0119 przyszkolne p\u0142ywalnie, a tak\u017ce obiekty tego typu ulokowane przy hotelach robotniczych. W tym okresie na popularnych do dzi\u015b Stawikach powsta\u0142a wypo\u017cyczalnia sprz\u0119tu p\u0142ywackiego. Przyj\u0119to w\u00f3wczas zasad\u0119, \u017ce z wypo\u017cyczalni mog\u0105 korzysta\u0107 wy\u0142\u0105cznie osoby umiej\u0105ce p\u0142ywa\u0107. Nauka p\u0142ywania sta\u0142a si\u0119 istotnym elementem funkcjonowania sosnowieckich obiekt\u00f3w rekreacji wodnej. Co wa\u017cne, w roku 1960 pod okiem wywodz\u0105cych si\u0119 z Akademii Wychowania Fizycznego Jerzego Wudczewskiego i Janusza Trzaskalskiego odby\u0142 si\u0119 kurs instruktor\u00f3w nauki p\u0142ywania. Skierowany by\u0142 on przede wszystkim do nauczycieli szk\u00f3\u0142 podstawowych, ale udzia\u0142 w nim wzi\u0119\u0142y m.in. wychowawczynie z sosnowieckich przedszkoli oraz docelowi instruktorzy sekcji p\u0142ywackich. Nale\u017cy w tym miejscu wspomnie\u0107 r\u00f3wnie\u017c o sekcji p\u0142ywackiej KS Hutnik prowadzonej przez Andrzeja Kr\u00f3lika. To w\u0142a\u015bnie p\u0142ywacy Hutnika stali si\u0119 w niedalekiej przysz\u0142o\u015bci narybkiem sosnowieckiego ratownictwa.<\/p>\n<p>W roku 1962 zarz\u0105d Miejskiego Komitetu Kultury Fizycznej i Turystyki w Sosnowcu podj\u0105\u0142 decyzj\u0119 o powo\u0142aniu Miejskiego Komitetu Upowszechniania P\u0142ywania. By\u0142 to dla miasta krok milowy prowadz\u0105cy do uporz\u0105dkowania kwestii zwi\u0105zanych z organizacj\u0105 nauki p\u0142ywania i profilaktyk\u0105 bezpiecze\u0144stwa na obszarach wodnych w Sosnowcu. Na czele MKUP stan\u0105\u0142 wspomniany wcze\u015bniej Jerzy Wudczewski. Dzia\u0142acz ten sta\u0142 si\u0119 jednocze\u015bnie protagonist\u0105 budowy struktur dru\u017cyny Wodnego Ochotniczego Pogotowia Ratunkowego w Sosnowcu. Cz\u0142onkowie dru\u017cyny mieli docelowo wsp\u00f3\u0142pracowa\u0107 z gestorami miejskich p\u0142ywalni i k\u0105pielisk. Ich dzia\u0142alno\u015b\u0107 opiera\u0142a si\u0119 przede wszystkim na pomocy w przygotowaniu obiekt\u00f3w i obszar\u00f3w rekreacji wodnej do ich bezpiecznego funkcjonowania. Ju\u017c rok p\u00f3\u017aniej dru\u017cyna WOPR Sosnowiec dysponowa\u0142a 11 ratownikami II klasy, kt\u00f3rzy mieli na swoim koncie setki przepracowanych godzin spo\u0142ecznych. Przyczynili si\u0119 oni w ten spos\u00f3b do realizacji zaj\u0119\u0107 nauki p\u0142ywania dla blisko 2000 mieszka\u0144c\u00f3w Zag\u0142\u0119bia D\u0105browskiego. W kolejnych latach stopniowo przybywa\u0142o zar\u00f3wno ratownik\u00f3w, jak i kursant\u00f3w korzystaj\u0105cych z organizowanych na p\u0142ywalniach zaj\u0119\u0107. Zasoby ludzkie miejskiej dru\u017cyny ratownik\u00f3w pozwoli\u0142y na prowadzenie co raz szerszych kampanii profilaktycznych na rzecz mieszka\u0144c\u00f3w. Organizowano w tym celu m.in. pokazy ratownicze czy otwarte zawody p\u0142ywackie. Dzia\u0142alno\u015b\u0107 dru\u017cyny do 1968 roku przyczyni\u0142a si\u0119 do poprawy bezpiecze\u0144stwa na miejskich obiektach rekreacji wodnej, a struktury WOPR Sosnowiec liczy\u0142y sobie ju\u017c blisko 50 cz\u0142onk\u00f3w. W\u015br\u00f3d nich znale\u017ali si\u0119 m.in. Lidia Kilian oraz Wies\u0142aw Burzawa, kt\u00f3rzy w przysz\u0142o\u015bci mieli pe\u0142ni\u0107 funkcje prezes\u00f3w sosnowieckiego WOPR.<\/p>\n<p><strong>Narodziny Oddzia\u0142u Miejskiego WOPR Sosnowiec<\/strong><\/p>\n<p>20.10.1969 roku to data, kt\u00f3r\u0105 nale\u017cy uzna\u0107 za oficjalny dzie\u0144 narodzin Oddzia\u0142u Miejskiego WOPR Sosnowiec. Sta\u0142o si\u0119 tak za spraw\u0105 organizacji I Miejskiego Zjazdu WOPR. Na stanowisko pierwszej w historii prezes oddzia\u0142u wybrana zosta\u0142a Lida Kilian. Ponadto w pionierskim zarz\u0105dzie znale\u017ali si\u0119 r\u00f3wnie\u017c Adam Boracz, Mieczys\u0142aw Baran i Antoni Starczewski.<\/p>\n<p>W latach 70-tych WOPR Sosnowiec poszerza\u0142 swoje szeregi organizuj\u0105c kolejne kursy ratownicze i szkol\u0105c nowych kandydat\u00f3w na stopnie ratownicze. Jednak po kilku latach dzia\u0142alno\u015bci zacz\u0119\u0142y si\u0119 problemy natury organizacyjnej. Przyczyni\u0142y si\u0119 one do znacz\u0105cego spadku zainteresowania dzia\u0142alno\u015bci\u0105 ratownictwa w obszarze dzia\u0142alno\u015bci sosnowieckiego WOPR. Funkcjonowanie oddzia\u0142u ograniczy\u0142o si\u0119 do prowadzenia zaj\u0119\u0107 z zakresu nauki p\u0142ywania i zabezpieczania zag\u0142\u0119biowskich k\u0105pielisk. Mimo trudnego okresu sosnowieccy ratownicy zacz\u0119li odnosi\u0107 pierwsze sukcesy w zawodach ratowniczych organizowanych w r\u00f3\u017cnych regionach Polski.<\/p>\n<p>W latach 80-tych na stanowisko prezesa wr\u00f3ci\u0142a Lidia Kilian, kt\u00f3ra cieszy\u0142a si\u0119 du\u017cym zaufaniem w\u015br\u00f3d cz\u0142onk\u00f3w oddzia\u0142u. Jej dzia\u0142alno\u015b\u0107 przyczyni\u0142a si\u0119 w istotny spos\u00f3b do unormowania dzia\u0142alno\u015bci oddzia\u0142u. WOPR Sosnowiec doczeka\u0142 si\u0119 wreszcie swojego lokalu biurowego na terenie miasta. W ci\u0105gu 5 lat (mi\u0119dzy 1981 a 1986 rokiem) WOPR Sosnowiec zasili\u0142o ponad 500 cz\u0142onk\u00f3w pochodz\u0105cych z dzieci\u0119cych i m\u0142odzie\u017cowych sekcji p\u0142ywackich. Najlepsi z nich brali udzia\u0142 w wewn\u0119trznych, nast\u0119pnie wojew\u00f3dzkich zawodach dla ratownik\u00f3w. By\u0142a to jedna z najbardziej owocnych dekad w historii sosnowieckiego ratownictwa. Oddzia\u0142 przeprowadzi\u0142 ponad 20 kurs\u00f3w na stopie\u0144 m\u0142odszego ratownika. Szkolono regularnie tak\u017ce ratownik\u00f3w wodnych, p\u0142etwonurk\u00f3w oraz sternik\u00f3w motorowodnych.<\/p>\n<p><strong>Mi\u0119dzynarodowe starty ratownik\u00f3w z Sosnowca<\/strong><\/p>\n<p>Lata 90-te przynios\u0142y kolejne zmiany w dzia\u0142alno\u015bci oddzia\u0142u. Dzia\u0142em szkoleniowym zaj\u0119li si\u0119 Krzysztof Sk\u00f3ra oraz Micha\u0142 Zaprza\u0142ka, p\u00f3\u017aniejsi prezesi sosnowieckiego WOPR. Ich dzia\u0142alno\u015b\u0107 w strukturach WOPR przyczyni\u0142a si\u0119 r\u00f3wnie\u017c do rozwoju oddzia\u0142u wojew\u00f3dzkiego. W ramach wsp\u00f3\u0142pracy z miastem odbywa\u0142y si\u0119 szkolenia i zaj\u0119cia profilaktyczne zar\u00f3wno dla m\u0142odzie\u017cy szkolnej, jak i dla pracownik\u00f3w miejskich s\u0142u\u017cb takich, jak np. Stra\u017c Miejska. Rozwija\u0142y si\u0119 nowe dru\u017cyny i sekcje p\u0142ywackie oraz ratownicze, z kt\u00f3rych wywodzili si\u0119 p\u00f3\u017aniejsi uczestnicy og\u00f3lnopolskich, jak i mi\u0119dzynarodowych zawod\u00f3w ratowniczych. W latach 90-tych dzia\u0142alno\u015bci\u0105 szkoleniow\u0105 zajmowali si\u0119 r\u00f3wnie\u017c Henryk Janus, kt\u00f3ry szkoli\u0142 nowych ratownik\u00f3w oddzia\u0142u oraz Waldemar Lelito, kt\u00f3ry zaj\u0105\u0142 si\u0119 przygotowaniem uczestnik\u00f3w sekcji sportowej WOPR Sosnowiec. To pod jego wodz\u0105 powsta\u0142a najlepsza dru\u017cyna sportowa w historii oddzia\u0142u, w kt\u00f3rej sk\u0142ad wchodzili Beta Folty\u0144ska, Aneta Owczarek, Tomasz Burtan, Arkadiusz Chalecki, Henryk Janus, Sebastian Bielski czy Rafa\u0142 Kurowski. W latach 90-tych rozwin\u0119\u0142y si\u0119 r\u00f3wnie\u017c sosnowieckie kluby p\u0142ywackie. Z inicjatywy wieloletniego ratownika i jednego z protagonist\u00f3w i prezes\u00f3w sosnowieckiego WOPR Wies\u0142awa Burzawy powsta\u0142 odnosz\u0105cy znacz\u0105ce w skali krajowej sukcesy klub p\u0142ywacki UKS Huragan. W Sosnowcu dzia\u0142a\u0142 r\u00f3wnie\u017c MUKS Dorado, kt\u00f3ry zako\u0144czy\u0142 dzia\u0142alno\u015b\u0107 kr\u00f3tko po \u015bmierci jego w\u0142a\u015bciciela Leszka Czarneckiego. Opr\u00f3cz dzia\u0142alno\u015bci Huraganu do sukces\u00f3w pochodz\u0105cych z Sosnowca p\u0142ywak\u00f3w przyczyni\u0142a si\u0119 sekcja p\u0142ywacka G\u00f3rnika Sosnowiec prowadzona przez Eugeniusza Zandeckiego.<\/p>\n<p>Sosnowieccy ratownicy brali czynny udzia\u0142 w dzia\u0142aniach prowadzonych podczas tzw. \u201epowodzi stulecia\u201d w 1997. Woprowcy z Zag\u0142\u0119bia pomagali dotkni\u0119tym kl\u0119sk\u0105 \u017cywio\u0142ow\u0105 mieszka\u0144com wschodniego Sosnowca, jak r\u00f3wnie\u017c byli delegowani do pobliskich miejscowo\u015bci w powiatach bieru\u0144sko-l\u0119dzi\u0144skim i chrzanowskim.<\/p>\n<p>Po bogatych w sukcesy latach 90-tych, mniej wi\u0119cej od roku 2000 dzia\u0142alno\u015b\u0107 sosnowieckiego WOPR ograniczy\u0142a si\u0119 do organizacji kurs\u00f3w ratowniczych oraz dy\u017cur\u00f3w ratownik\u00f3w na miejskich p\u0142ywalniach i k\u0105pieliskach. Nienajlepiej funkcjonowa\u0142o zaplecze sportowe, co finalnie wp\u0142yn\u0119\u0142o na brak wynik\u00f3w w zawodach krajowych. Po 2005 roku zacz\u0119\u0142y si\u0119 powa\u017cne problemy finansowe i lokalowe. Nie najlepiej mia\u0142a si\u0119 r\u00f3wnie\u017c wsp\u00f3\u0142praca z w\u0142adzami miejskimi i organizacjami pozarz\u0105dowymi dzia\u0142aj\u0105cymi na terenie Sosnowca. Zarz\u0105dzaj\u0105cy od 2002 roku sosnowieckim WOPR Waldemar Lelito zosta\u0142 wybrany ponownie na prezesa w roku 2007, ale w wyniku ujawnionych przez Zarz\u0105d Wojew\u00f3dzki nieprawid\u0142owo\u015bci w prowadzonej dokumentacji, zosta\u0142 odsuni\u0119ty od stanowiska. W 2009 roku decyzj\u0105 \u015al\u0105skiego WOPR, w Sosnowcu wprowadzono zarz\u0105dzanie komisaryczne, kt\u00f3re trwa\u0142o do kolejnych wybor\u00f3w w roku 2012. Te nie cieszy\u0142y si\u0119 ju\u017c du\u017cym zainteresowaniem cz\u0142onk\u00f3w sosnowieckiego WOPR, kt\u00f3rych liczba dramatycznie zmala\u0142a. Ostatnim pozytywnym akcentem dzia\u0142alno\u015bci oddzia\u0142u by\u0142a sekcja sportowa zbudowana ze zdolnych wychowank\u00f3w sosnowieckich klub\u00f3w sportowych. Uda\u0142o im si\u0119 z sukcesami wystartowa\u0107 w krajowych i mi\u0119dzynarodowych zwodach p\u0142ywackich dla ratownik\u00f3w. W\u015br\u00f3d nich nale\u017cy wymieni\u0107 takich zawodnik\u00f3w, jak Arkadiusz Kula, Bartosz Nowak, Paulina Szula, Patryk Rejchert, Kornelia Lebiedzka, Jakub Jasi\u0144ski, Anna Alencynowicz czy Sabina Adamczyk.<\/p>\n<p><strong>Likwidacja oddzia\u0142u i owocna reaktywacja dru\u017cyny po kilku latach przerwy.<\/strong><\/p>\n<p>W nast\u0119pnych latach, na podstawie wynik\u00f3w szeregu kontroli przeprowadzonych przez \u015al\u0105skie WOPR i ujawnionych nieprawid\u0142owo\u015bciach statutowych, Zarz\u0105d Wojew\u00f3dzki podj\u0105\u0142 decyzj\u0119 o wykre\u015bleniu Oddzia\u0142u Miejskiego WOPR Sosnowiec ze swoich struktur, co przyczyni\u0142o si\u0119 do zako\u0144czenia tego etapu dzia\u0142alno\u015bci sosnowieckiego ratownictwa trwaj\u0105cej od 1969 roku.<\/p>\n<p>Ratownicy z Sosnowca, kt\u00f3rzy chcieli kontynuowa\u0107 swoj\u0105 dzia\u0142alno\u015b\u0107 zostali pozbawieni swojej macierzystej jednostki i zostali zmuszeni do szukania przynale\u017cno\u015bci w innych oddzia\u0142ach i dru\u017cynach. Najwi\u0119ksza grupa ratownik\u00f3w wywodz\u0105cych si\u0119 z sosnowieckiego WOPR pe\u0142ni\u0142a dy\u017cur na p\u0142ywalni krytej przy ul. \u017beromskiego w Sosnowcu w ramach pracy etatowej w sosnowieckim MOSiR. Wpadli oni na pomys\u0142, by reaktywowa\u0107 WOPR Sosnowiec. Tym razem nie w formie oddzia\u0142u miejskiego a dru\u017cyny, kt\u00f3ra mia\u0142a zosta\u0107 stworzona od \u201ezera\u201d z czyst\u0105 kart\u0105, bez jakiegokolwiek zwi\u0105zku z dzia\u0142aj\u0105cym w ostatnich latach zarz\u0105dem OM WOPR Sosnowiec. Przedstawiciele ratownik\u00f3w z Sosnowca odbyli w tym celu szereg rozm\u00f3w z przedstawicielami Zarz\u0105du \u015al\u0105skiego WOPR. W 2018 roku strony zawar\u0142y porozumienie, w wyniku kt\u00f3rego powo\u0142ano na nowo Dru\u017cyn\u0119 WOPR Sosnowiec, na czele kt\u00f3rej stan\u0105\u0142 Piotr Lis. W sk\u0142ad Rady Dru\u017cyny weszli r\u00f3wnie\u017c dwaj pozostali inicjatorzy reaktywacji sosnowieckiego WOPR, Wojciech O\u015bci\u0142owicz oraz Bartosz Andrzejewski.<\/p>\n<p>Dzi\u0119ki wsparciu prezesa WOPR z D\u0105browy G\u00f3rniczej Andrzeja Latosika przeprowadzono wkr\u00f3tce pierwsze kursy na stopie\u0144 M\u0142odszego Ratownika, jak r\u00f3wnie\u017c Ratownika WOPR. Dru\u017cyna zacz\u0119\u0142a odradza\u0107 si\u0119 w ekspresowym tempie. Do WOPR Sosnowiec wr\u00f3cili r\u00f3wnie\u017c ratownicy, kt\u00f3rzy byli zwi\u0105zani z dru\u017cyn\u0105 w przesz\u0142o\u015bci. Obok dzia\u0142alno\u015bci szkoleniowej, sosnowieccy ratownicy zaanga\u017cowali si\u0119 pr\u0119\u017cnie w dzia\u0142alno\u015bci profilaktyczn\u0105 na terenie miasta, w tym odbudow\u0119 wsp\u00f3\u0142pracy z organizacjami pozarz\u0105dowymi, jak r\u00f3wnie\u017c szko\u0142ami i przedszkolami w Sosnowcu. W roku 2019 zorganizowano te\u017c uroczyste spotkanie w ramach 50-lecia WOPR Sosnowiec. Wydarzenie mia\u0142o charakter symboliczny, gdy\u017c podczas obchod\u00f3w w jednym miejscu spotkali si\u0119 ratownicy, kt\u00f3rzy stanowili o sile oddzia\u0142u w latach 80-tych i 90-tych oraz m\u0142odzi ratownicy, kt\u00f3rzy uko\u0144czyli pierwszy po reaktywacji kurs.<\/p>\n<p><strong>Sukcesy m\u0142odych adept\u00f3w ratownictwa z Sosnowca<\/strong><\/p>\n<p>W ramach dzia\u0142alno\u015bci dru\u017cyny powo\u0142ana zosta\u0142a M\u0142odzie\u017cowa Sekcja Ratownicza Krokodyle WOPR Sosnowiec prowadzona przez Piotra Lisa. Sekcja zyska\u0142a du\u017c\u0105 popularno\u015b\u0107 ze wzgl\u0119du na sw\u00f3j wyj\u0105tkowy charakter. Jest to bowiem pierwsza w ponad 50-letniej historii dru\u017cyny sekcja dla dzieci nieb\u0119d\u0105cych jeszcze cz\u0142onkami WOPR, ale poznaj\u0105cymi w trakcie zaj\u0119\u0107 tajniki ratownictwa wodnego. Nied\u0142ugo p\u00f3\u017aniej Krokodyle w\u0142\u0105czy\u0142y si\u0119 do start\u00f3w w potyczkach m\u0142odzie\u017cowych sekcji rywalizuj\u0105cych w wojew\u00f3dztwie \u015bl\u0105skim. M\u0142odzie\u017c z Sosnowca szybko zacz\u0119\u0142a liczy\u0107 si\u0119 w stawce zdobywaj\u0105c wkr\u00f3tce pierwsze trofea.<\/p>\n<p>W ostatnich latach powo\u0142ano r\u00f3wnie\u017c sekcj\u0119 ratownictwa sportowego. W tym przypadku r\u00f3wnie\u017c nie trzeba by\u0142o d\u0142ugo czeka\u0107 na pierwsze sukcesy. Podczas Otwartych Mistrzostw Polski Po\u0142udniowej w Ratownictwie Wodnym zorganizowanych w 2022 roku w D\u0105browie G\u00f3rniczej, reprezentanci WOPR Sosnowiec wywalczyli 3 miejsce.<\/p>\n<p>W tym samym roku, we wsp\u00f3\u0142pracy z Dru\u017cyn\u0105 WOPR Przeczyce przeprowadzono pierwszy od wielu lat kurs na patent sternika motorowodnego. Ponadto ratownicy z Sosnowca zabezpieczali regaty organizowane przez Klub \u017beglarski Zag\u0142\u0119bie na akwenie Przeczyckim. Aktualnie wsp\u00f3\u0142praca mi\u0119dzy dru\u017cynami jest kontynuowana, a jej owocem w najbli\u017cszej przesz\u0142o\u015bci b\u0119dzie powstanie pierwszej od wielu lat bazy szkoleniowej sosnowieckiego WOPR ulokowanej nad otwartym akwenem.<\/p>\n<p>Z ko\u0144cem roku 2022 w Sosnowcu odby\u0142 si\u0119 zjazd sprawozdawczo-wyborczy, gdzie w obecno\u015bci cz\u0142onk\u00f3w WOPR Sosnowiec i Prezesa \u015al\u0105skiego WOPR, na kierownika dru\u017cyny wybrano ponownie Piotra Lisa. Do ko\u0144ca 2022 roku dru\u017cyna WOPR Sosnowiec liczy blisko 200 cz\u0142onk\u00f3w.<\/p>\n<p>W roku 2023 na mocy porozumienia i zacie\u015bnienia wsp\u00f3\u0142pracy z dru\u017cyn\u0105 WOPR Przeczyce sosnowieccy doczekali si\u0119 swojej bazy nad zalewem Przeczyckim. Na terenie bazy rozwija si\u0119 m.in. sosnowiecka infrastruktura pe\u0142ni\u0105ca funkcje zaplecza sprz\u0119towego i o\u015brodka szkoleniowego.<\/p>\n<p>R\u00f3wnie\u017c w roku 2023 po wielu latach reaktywowano Sekcj\u0119 Motorowodn\u0105 WOPR Sosnowiec.<\/p>\n","protected":false},"excerpt":{"rendered":"<p>Zal\u0105\u017cki ratownictwa wodnego w Sosnowcu Wodne Ochotnicze Pogotowie Ratunkowe w oficjalnej formie zosta\u0142o powo\u0142ane do istnienia w 1962 roku. Ju\u017c 5 lat p\u00f3\u017aniej stowarzyszenie uzyska\u0142o osobowo\u015b\u0107 prawn\u0105 i sta\u0142o si\u0119 jednostk\u0105 podlegaj\u0105c\u0105 pod MSW. Jednak historia ratownictwa na wielu obszarach Polski, w tym w Sosnowcu, mia\u0142a swoje pocz\u0105tki zdecydowanie wcze\u015bniej. Powojenny Sosnowiec dysponowa\u0142 w\u00f3wczas spor\u0105 ilo\u015bci\u0105 miejsc, na kt\u00f3rych odbywa\u0142a si\u0119 rekreacja wodna. Nie by\u0142y to jednak w tamtym czasie obszary jakkolwiek strze\u017cone, a wszelka aktywno\u015b\u0107 w ich obr\u0119bie odbywa\u0142a si\u0119 \u201ena dziko\u201d. W sosnowieckich dzielnicach takich, jak Pogo\u0144, Sielec czy Da\u0144d\u00f3wka znajdowa\u0142y si\u0119 stawy, nad kt\u00f3rymi mieszka\u0144cy ch\u0119tnie sp\u0119dzali wolny czas. Prowizoryczne k\u0105pieliska istnia\u0142y r\u00f3wnie\u017c na dw\u00f3ch najwi\u0119kszych rzekach Zag\u0142\u0119bia, mianowicie na Czarnej Przemszy oraz Brynicy. Opr\u00f3cz tego w Sosnowcu znajdowa\u0142y si\u0119 ma\u0142e zbiorniki wodne ulokowane w wyrobiskach poprzemys\u0142owych. Cho\u0107 nie istniej\u0105 \u017cadne dokumenty, w kt\u00f3rych mo\u017cna by by\u0142o doszuka\u0107 si\u0119 danych statystycznych zwi\u0105zanych z utoni\u0119ciami w tamtym okresie,&hellip;<\/p>\n<p> <a class=\"more-link\" href=\"https:\/\/wopr.sosnowiec.pl\/?page_id=34\">Dowiedz si\u0119 wi\u0119cej<\/a><\/p>\n","protected":false},"author":1,"featured_media":0,"parent":0,"menu_order":0,"comment_status":"closed","ping_status":"closed","template":"","meta":{"footnotes":""},"class_list":["post-34","page","type-page","status-publish"],"_links":{"self":[{"href":"https:\/\/wopr.sosnowiec.pl\/index.php?rest_route=\/wp\/v2\/pages\/34","targetHints":{"allow":["GET"]}}],"collection":[{"href":"https:\/\/wopr.sosnowiec.pl\/index.php?rest_route=\/wp\/v2\/pages"}],"about":[{"href":"https:\/\/wopr.sosnowiec.pl\/index.php?rest_route=\/wp\/v2\/types\/page"}],"author":[{"embeddable":true,"href":"https:\/\/wopr.sosnowiec.pl\/index.php?rest_route=\/wp\/v2\/users\/1"}],"replies":[{"embeddable":true,"href":"https:\/\/wopr.sosnowiec.pl\/index.php?rest_route=%2Fwp%2Fv2%2Fcomments&post=34"}],"version-history":[{"count":4,"href":"https:\/\/wopr.sosnowiec.pl\/index.php?rest_route=\/wp\/v2\/pages\/34\/revisions"}],"predecessor-version":[{"id":657,"href":"https:\/\/wopr.sosnowiec.pl\/index.php?rest_route=\/wp\/v2\/pages\/34\/revisions\/657"}],"wp:attachment":[{"href":"https:\/\/wopr.sosnowiec.pl\/index.php?rest_route=%2Fwp%2Fv2%2Fmedia&parent=34"}],"curies":[{"name":"wp","href":"https:\/\/api.w.org\/{rel}","templated":true}]}}